{"id":19,"date":"2025-11-20T08:34:22","date_gmt":"2025-11-20T07:34:22","guid":{"rendered":"http:\/\/xtratheme.comarchitect\/?page_id=13"},"modified":"2025-11-25T10:05:47","modified_gmt":"2025-11-25T09:05:47","slug":"faqs","status":"publish","type":"page","link":"https:\/\/dumbriaaluminioepvc.com\/en\/faqs\/","title":{"rendered":"FAQs"},"content":{"rendered":"<div class=\"fusion-fullwidth fullwidth-box fusion-builder-row-1 fusion-flex-container has-pattern-background has-mask-background nonhundred-percent-fullwidth non-hundred-percent-height-scrolling\" style=\"--awb-border-radius-top-left:0px;--awb-border-radius-top-right:0px;--awb-border-radius-bottom-right:0px;--awb-border-radius-bottom-left:0px;--awb-flex-wrap:wrap;\" ><div class=\"fusion-builder-row fusion-row fusion-flex-align-items-flex-start fusion-flex-content-wrap\" style=\"max-width:1248px;margin-left: calc(-4% \/ 2 );margin-right: calc(-4% \/ 2 );\"><div class=\"fusion-layout-column fusion_builder_column fusion-builder-column-0 fusion_builder_column_1_1 1_1 fusion-flex-column\" style=\"--awb-bg-size:cover;--awb-width-large:100%;--awb-margin-top-large:0px;--awb-spacing-right-large:1.92%;--awb-margin-bottom-large:20px;--awb-spacing-left-large:1.92%;--awb-width-medium:100%;--awb-order-medium:0;--awb-spacing-right-medium:1.92%;--awb-spacing-left-medium:1.92%;--awb-width-small:100%;--awb-order-small:0;--awb-spacing-right-small:1.92%;--awb-spacing-left-small:1.92%;\"><div class=\"fusion-column-wrapper fusion-column-has-shadow fusion-flex-justify-content-flex-start fusion-content-layout-column\"><style type=\"text\/css\">.fusion-faqs-wrapper #accordian-1 .fusion-panel { border-color:var(--awb-color3); }.fusion-faqs-wrapper #accordian-1 .fusion-panel:hover{ border-color: var(--awb-color3); }.fusion-accordian #accordian-1 .panel-title a .fa-fusion-box:before{ font-size: 40px;width: 40px;}.fusion-accordian #accordian-1 .panel-title a .fa-fusion-box{ color: var(--awb-color1);}.fusion-accordian  #accordian-1 .panel-title a{font-family:var(--awb-typography1-font-family);font-weight:var(--awb-typography1-font-weight);font-style:var(--awb-typography1-font-style);}.fusion-accordian  #accordian-1 .panel-title a:not(:hover){}.fusion-accordian  #accordian-1 .toggle-content{font-family:var(--awb-typography4-font-family);font-weight:var(--awb-typography4-font-weight);font-style:var(--awb-typography4-font-style);}.fusion-accordian #accordian-1 .fa-fusion-box { background-color: var(--awb-color5) !important;border-color: var(--awb-color5) !important;}.fusion-accordian #accordian-1 .panel-title a:hover,.fusion-accordian #accordian-1 .panel-title a.hover { color: var(--awb-color4);}.fusion-faq-shortcode .fusion-accordian #accordian-1 .fusion-toggle-boxed-mode:hover .panel-title a { color: var(--awb-color4);}.fusion-accordian #accordian-1 .panel-title .active .fa-fusion-box,.fusion-accordian #accordian-1 .panel-title a:hover .fa-fusion-box,.fusion-accordian #accordian-1 .panel-title a.hover .fa-fusion-box { background-color: var(--awb-color4)!important;border-color: var(--awb-color4)!important;}<\/style><div class=\"fusion-faq-shortcode\" style=\"\"><div class=\"fusion-faqs-wrapper\"><div class=\"accordian fusion-accordian\"><div class=\"panel-group\" id=\"accordian-1\"><div class=\"fusion-panel panel-default fusion-faq-post fusion-faq-post-1125\"><span class=\"entry-title rich-snippet-hidden\">\u00bfQu\u00e9 mantenimiento requieren las ventanas de aluminio o PVC?<\/span><span class=\"vcard rich-snippet-hidden\"><span class=\"fn\"><a href=\"https:\/\/dumbriaaluminioepvc.com\/en\/author\/infortendas\/\" title=\"Posts by infortendas\" rel=\"author\">infortendas<\/a><\/span><\/span><span class=\"updated rich-snippet-hidden\">2025-11-25T19:38:27+01:00<\/span><div class=\"panel-heading\"><h4 id=\"faq_1-1125\" class=\"panel-title toggle\"><a data-toggle=\"collapse\" class=\"collapsed\" data-parent=\"#accordian-1\" data-target=\"#collapse-1-1125\" href=\"#collapse-1-1125\" aria-expanded=\"false\"><div class=\"fusion-toggle-icon-wrapper\"><div class=\"fusion-toggle-icon-wrapper-main\"><div class=\"fusion-toggle-icon-wrapper-sub\"><i class=\"fa-fusion-box active-icon awb-icon-minus\" aria-hidden=\"true\"><\/i><i class=\"fa-fusion-box inactive-icon awb-icon-plus\" aria-hidden=\"true\"><\/i><\/div><\/div><\/div><div class=\"fusion-toggle-heading\">\u00bfQu\u00e9 mantenimiento requieren las ventanas de aluminio o PVC?<\/div><\/a><\/h4><\/div><div id=\"collapse-1-1125\" aria-labelledby=\"faq_1-1125\" class=\"panel-collapse collapse\"><div class=\"panel-body toggle-content post-content\"><p>El mantenimiento es muy sencillo: basta con limpiar peri\u00f3dicamente con agua y jab\u00f3n suave, evitando productos abrasivos para conservar su aspecto y funcionalidad.<\/p>\n<\/div><\/div><\/div><div class=\"fusion-panel panel-default fusion-faq-post fusion-faq-post-1121\"><span class=\"entry-title rich-snippet-hidden\">\u00bfLas ventanas cumplen el CTE y normativas de eficiencia energ\u00e9tica?<\/span><span class=\"vcard rich-snippet-hidden\"><span class=\"fn\"><a href=\"https:\/\/dumbriaaluminioepvc.com\/en\/author\/infortendas\/\" title=\"Posts by infortendas\" rel=\"author\">infortendas<\/a><\/span><\/span><span class=\"updated rich-snippet-hidden\">2025-11-25T19:38:32+01:00<\/span><div class=\"panel-heading\"><h4 id=\"faq_1-1121\" class=\"panel-title toggle\"><a data-toggle=\"collapse\" class=\"collapsed\" data-parent=\"#accordian-1\" data-target=\"#collapse-1-1121\" href=\"#collapse-1-1121\" aria-expanded=\"false\"><div class=\"fusion-toggle-icon-wrapper\"><div class=\"fusion-toggle-icon-wrapper-main\"><div class=\"fusion-toggle-icon-wrapper-sub\"><i class=\"fa-fusion-box active-icon awb-icon-minus\" aria-hidden=\"true\"><\/i><i class=\"fa-fusion-box inactive-icon awb-icon-plus\" aria-hidden=\"true\"><\/i><\/div><\/div><\/div><div class=\"fusion-toggle-heading\">\u00bfLas ventanas cumplen el CTE y normativas de eficiencia energ\u00e9tica?<\/div><\/a><\/h4><\/div><div id=\"collapse-1-1121\" aria-labelledby=\"faq_1-1121\" class=\"panel-collapse collapse\"><div class=\"panel-body toggle-content post-content\"><p>Por supuesto, todas nuestras ventanas cumplen con el C\u00f3digo T\u00e9cnico de Edificaci\u00f3n (CTE) y las normativas vigentes de eficiencia energ\u00e9tica y aislamiento.<\/p>\n<\/div><\/div><\/div><div class=\"fusion-panel panel-default fusion-faq-post fusion-faq-post-1117\"><span class=\"entry-title rich-snippet-hidden\">\u00bfQu\u00e9 garant\u00eda tienen las ventanas de aluminio y PVC que instal\u00e1is?<\/span><span class=\"vcard rich-snippet-hidden\"><span class=\"fn\"><a href=\"https:\/\/dumbriaaluminioepvc.com\/en\/author\/infortendas\/\" title=\"Posts by infortendas\" rel=\"author\">infortendas<\/a><\/span><\/span><span class=\"updated rich-snippet-hidden\">2025-11-25T19:38:36+01:00<\/span><div class=\"panel-heading\"><h4 id=\"faq_1-1117\" class=\"panel-title toggle\"><a data-toggle=\"collapse\" class=\"collapsed\" data-parent=\"#accordian-1\" data-target=\"#collapse-1-1117\" href=\"#collapse-1-1117\" aria-expanded=\"false\"><div class=\"fusion-toggle-icon-wrapper\"><div class=\"fusion-toggle-icon-wrapper-main\"><div class=\"fusion-toggle-icon-wrapper-sub\"><i class=\"fa-fusion-box active-icon awb-icon-minus\" aria-hidden=\"true\"><\/i><i class=\"fa-fusion-box inactive-icon awb-icon-plus\" aria-hidden=\"true\"><\/i><\/div><\/div><\/div><div class=\"fusion-toggle-heading\">\u00bfQu\u00e9 garant\u00eda tienen las ventanas de aluminio y PVC que instal\u00e1is?<\/div><\/a><\/h4><\/div><div id=\"collapse-1-1117\" aria-labelledby=\"faq_1-1117\" class=\"panel-collapse collapse\"><div class=\"panel-body toggle-content post-content\"><p>Todas nuestras ventanas y puertas de aluminio y PVC cuentan con garant\u00eda de fabricaci\u00f3n y de instalaci\u00f3n, cubriendo defectos y asegurando la m\u00e1xima calidad y durabilidad.<\/p>\n<\/div><\/div><\/div><div class=\"fusion-panel panel-default fusion-faq-post fusion-faq-post-1113\"><span class=\"entry-title rich-snippet-hidden\">\u00bfCu\u00e1nto tiempo tarda la instalaci\u00f3n de nuevas ventanas?<\/span><span class=\"vcard rich-snippet-hidden\"><span class=\"fn\"><a href=\"https:\/\/dumbriaaluminioepvc.com\/en\/author\/infortendas\/\" title=\"Posts by infortendas\" rel=\"author\">infortendas<\/a><\/span><\/span><span class=\"updated rich-snippet-hidden\">2025-11-25T19:38:40+01:00<\/span><div class=\"panel-heading\"><h4 id=\"faq_1-1113\" class=\"panel-title toggle\"><a data-toggle=\"collapse\" class=\"collapsed\" data-parent=\"#accordian-1\" data-target=\"#collapse-1-1113\" href=\"#collapse-1-1113\" aria-expanded=\"false\"><div class=\"fusion-toggle-icon-wrapper\"><div class=\"fusion-toggle-icon-wrapper-main\"><div class=\"fusion-toggle-icon-wrapper-sub\"><i class=\"fa-fusion-box active-icon awb-icon-minus\" aria-hidden=\"true\"><\/i><i class=\"fa-fusion-box inactive-icon awb-icon-plus\" aria-hidden=\"true\"><\/i><\/div><\/div><\/div><div class=\"fusion-toggle-heading\">\u00bfCu\u00e1nto tiempo tarda la instalaci\u00f3n de nuevas ventanas?<\/div><\/a><\/h4><\/div><div id=\"collapse-1-1113\" aria-labelledby=\"faq_1-1113\" class=\"panel-collapse collapse\"><div class=\"panel-body toggle-content post-content\"><p>El tiempo de instalaci\u00f3n suele estar entre uno y dos d\u00edas, dependiendo del n\u00famero de ventanas y condiciones de la vivienda, siempre buscando causar las m\u00ednimas molestias.<\/p>\n<\/div><\/div><\/div><div class=\"fusion-panel panel-default fusion-faq-post fusion-faq-post-1109\"><span class=\"entry-title rich-snippet-hidden\">\u00bfPor qu\u00e9 elegir ventanas con rotura de puente t\u00e9rmico para la costa?<\/span><span class=\"vcard rich-snippet-hidden\"><span class=\"fn\"><a href=\"https:\/\/dumbriaaluminioepvc.com\/en\/author\/infortendas\/\" title=\"Posts by infortendas\" rel=\"author\">infortendas<\/a><\/span><\/span><span class=\"updated rich-snippet-hidden\">2025-11-25T19:38:45+01:00<\/span><div class=\"panel-heading\"><h4 id=\"faq_1-1109\" class=\"panel-title toggle\"><a data-toggle=\"collapse\" class=\"collapsed\" data-parent=\"#accordian-1\" data-target=\"#collapse-1-1109\" href=\"#collapse-1-1109\" aria-expanded=\"false\"><div class=\"fusion-toggle-icon-wrapper\"><div class=\"fusion-toggle-icon-wrapper-main\"><div class=\"fusion-toggle-icon-wrapper-sub\"><i class=\"fa-fusion-box active-icon awb-icon-minus\" aria-hidden=\"true\"><\/i><i class=\"fa-fusion-box inactive-icon awb-icon-plus\" aria-hidden=\"true\"><\/i><\/div><\/div><\/div><div class=\"fusion-toggle-heading\">\u00bfPor qu\u00e9 elegir ventanas con rotura de puente t\u00e9rmico para la costa?<\/div><\/a><\/h4><\/div><div id=\"collapse-1-1109\" aria-labelledby=\"faq_1-1109\" class=\"panel-collapse collapse\"><div class=\"panel-body toggle-content post-content\"><p>La rotura de puente t\u00e9rmico evita condensaciones y protege frente a la humedad t\u00edpicas de las zonas costeras, adem\u00e1s de mejorar la eficiencia energ\u00e9tica y el confort en el hogar.<\/p>\n<\/div><\/div><\/div><div class=\"fusion-panel panel-default fusion-faq-post fusion-faq-post-1105\"><span class=\"entry-title rich-snippet-hidden\">\u00bfCu\u00e1nto cuesta instalar ventanas de aluminio o PVC en Dumbr\u00eda Aluminio e PVC?<\/span><span class=\"vcard rich-snippet-hidden\"><span class=\"fn\"><a href=\"https:\/\/dumbriaaluminioepvc.com\/en\/author\/infortendas\/\" title=\"Posts by infortendas\" rel=\"author\">infortendas<\/a><\/span><\/span><span class=\"updated rich-snippet-hidden\">2025-11-25T09:59:04+01:00<\/span><div class=\"panel-heading\"><h4 id=\"faq_1-1105\" class=\"panel-title toggle\"><a data-toggle=\"collapse\" class=\"collapsed\" data-parent=\"#accordian-1\" data-target=\"#collapse-1-1105\" href=\"#collapse-1-1105\" aria-expanded=\"false\"><div class=\"fusion-toggle-icon-wrapper\"><div class=\"fusion-toggle-icon-wrapper-main\"><div class=\"fusion-toggle-icon-wrapper-sub\"><i class=\"fa-fusion-box active-icon awb-icon-minus\" aria-hidden=\"true\"><\/i><i class=\"fa-fusion-box inactive-icon awb-icon-plus\" aria-hidden=\"true\"><\/i><\/div><\/div><\/div><div class=\"fusion-toggle-heading\">\u00bfCu\u00e1nto cuesta instalar ventanas de aluminio o PVC en Dumbr\u00eda Aluminio e PVC?<\/div><\/a><\/h4><\/div><div id=\"collapse-1-1105\" aria-labelledby=\"faq_1-1105\" class=\"panel-collapse collapse\"><div class=\"panel-body toggle-content post-content\"><p>El precio de la instalaci\u00f3n depende del tama\u00f1o, tipo de ventana, y materiales elegidos. Solicita tu presupuesto personalizado sin compromiso y te asesoraremos en funci\u00f3n de las necesidades de tu vivienda.<\/p>\n<\/div><\/div><\/div><div class=\"fusion-panel panel-default fusion-faq-post fusion-faq-post-1101\"><span class=\"entry-title rich-snippet-hidden\">\u00bfD\u00f3nde ofrec\u00e9is vuestros servicios de instalaci\u00f3n de ventanas?<\/span><span class=\"vcard rich-snippet-hidden\"><span class=\"fn\"><a href=\"https:\/\/dumbriaaluminioepvc.com\/en\/author\/infortendas\/\" title=\"Posts by infortendas\" rel=\"author\">infortendas<\/a><\/span><\/span><span class=\"updated rich-snippet-hidden\">2025-11-25T09:58:28+01:00<\/span><div class=\"panel-heading\"><h4 id=\"faq_1-1101\" class=\"panel-title toggle\"><a data-toggle=\"collapse\" class=\"collapsed\" data-parent=\"#accordian-1\" data-target=\"#collapse-1-1101\" href=\"#collapse-1-1101\" aria-expanded=\"false\"><div class=\"fusion-toggle-icon-wrapper\"><div class=\"fusion-toggle-icon-wrapper-main\"><div class=\"fusion-toggle-icon-wrapper-sub\"><i class=\"fa-fusion-box active-icon awb-icon-minus\" aria-hidden=\"true\"><\/i><i class=\"fa-fusion-box inactive-icon awb-icon-plus\" aria-hidden=\"true\"><\/i><\/div><\/div><\/div><div class=\"fusion-toggle-heading\">\u00bfD\u00f3nde ofrec\u00e9is vuestros servicios de instalaci\u00f3n de ventanas?<\/div><\/a><\/h4><\/div><div id=\"collapse-1-1101\" aria-labelledby=\"faq_1-1101\" class=\"panel-collapse collapse\"><div class=\"panel-body toggle-content post-content\"><p>Prestamos servicios de fabricaci\u00f3n e instalaci\u00f3n de ventanas y puertas de aluminio y PVC en Dumbr\u00eda y la comarca: Carnota, Cee, Corcubi\u00f3n, Muros, Mazaricos, y toda la Costa da Morte y A Coru\u00f1a.<\/p>\n<\/div><\/div><\/div><div class=\"fusion-panel panel-default fusion-faq-post fusion-faq-post-1097\"><span class=\"entry-title rich-snippet-hidden\">\u00bfQu\u00e9 diferencia hay entre ventanas de PVC y de aluminio?<\/span><span class=\"vcard rich-snippet-hidden\"><span class=\"fn\"><a href=\"https:\/\/dumbriaaluminioepvc.com\/en\/author\/infortendas\/\" title=\"Posts by infortendas\" rel=\"author\">infortendas<\/a><\/span><\/span><span class=\"updated rich-snippet-hidden\">2025-11-25T09:58:10+01:00<\/span><div class=\"panel-heading\"><h4 id=\"faq_1-1097\" class=\"panel-title toggle\"><a data-toggle=\"collapse\" class=\"collapsed\" data-parent=\"#accordian-1\" data-target=\"#collapse-1-1097\" href=\"#collapse-1-1097\" aria-expanded=\"false\"><div class=\"fusion-toggle-icon-wrapper\"><div class=\"fusion-toggle-icon-wrapper-main\"><div class=\"fusion-toggle-icon-wrapper-sub\"><i class=\"fa-fusion-box active-icon awb-icon-minus\" aria-hidden=\"true\"><\/i><i class=\"fa-fusion-box inactive-icon awb-icon-plus\" aria-hidden=\"true\"><\/i><\/div><\/div><\/div><div class=\"fusion-toggle-heading\">\u00bfQu\u00e9 diferencia hay entre ventanas de PVC y de aluminio?<\/div><\/a><\/h4><\/div><div id=\"collapse-1-1097\" aria-labelledby=\"faq_1-1097\" class=\"panel-collapse collapse\"><div class=\"panel-body toggle-content post-content\"><p>Las ventanas de PVC presentan un aislamiento t\u00e9rmico y ac\u00fastico superior y requieren un mantenimiento m\u00ednimo, mientras que las de aluminio destacan por su durabilidad, resistencia y mayor variedad de acabados y dise\u00f1os. La elecci\u00f3n depende de las necesidades de aislamiento y est\u00e9tica de cada vivienda.<\/p>\n<\/div><\/div><\/div><div class=\"fusion-panel panel-default fusion-faq-post fusion-faq-post-1093\"><span class=\"entry-title rich-snippet-hidden\">\u00bfQu\u00e9 ventajas tienen las ventanas de aluminio con rotura de puente t\u00e9rmico?<\/span><span class=\"vcard rich-snippet-hidden\"><span class=\"fn\"><a href=\"https:\/\/dumbriaaluminioepvc.com\/en\/author\/infortendas\/\" title=\"Posts by infortendas\" rel=\"author\">infortendas<\/a><\/span><\/span><span class=\"updated rich-snippet-hidden\">2025-11-25T09:57:52+01:00<\/span><div class=\"panel-heading\"><h4 id=\"faq_1-1093\" class=\"panel-title toggle\"><a data-toggle=\"collapse\" class=\"collapsed\" data-parent=\"#accordian-1\" data-target=\"#collapse-1-1093\" href=\"#collapse-1-1093\" aria-expanded=\"false\"><div class=\"fusion-toggle-icon-wrapper\"><div class=\"fusion-toggle-icon-wrapper-main\"><div class=\"fusion-toggle-icon-wrapper-sub\"><i class=\"fa-fusion-box active-icon awb-icon-minus\" aria-hidden=\"true\"><\/i><i class=\"fa-fusion-box inactive-icon awb-icon-plus\" aria-hidden=\"true\"><\/i><\/div><\/div><\/div><div class=\"fusion-toggle-heading\">\u00bfQu\u00e9 ventajas tienen las ventanas de aluminio con rotura de puente t\u00e9rmico?<\/div><\/a><\/h4><\/div><div id=\"collapse-1-1093\" aria-labelledby=\"faq_1-1093\" class=\"panel-collapse collapse\"><div class=\"panel-body toggle-content post-content\"><p>Las ventanas de aluminio con rotura de puente t\u00e9rmico ofrecen un excelente aislamiento t\u00e9rmico y ac\u00fastico, lo que ayuda a reducir la factura energ\u00e9tica y mejora el confort del hogar. Adem\u00e1s, son resistentes y requieren poco mantenimiento, ideales para el clima de Galicia.<\/p>\n<\/div><\/div><\/div><\/div><\/div><\/div><\/div><\/div><\/div><\/div><\/div>","protected":false},"excerpt":{"rendered":"","protected":false},"author":1,"featured_media":0,"parent":0,"menu_order":0,"comment_status":"closed","ping_status":"closed","template":"100-width.php","meta":{"footnotes":""},"class_list":["post-19","page","type-page","status-publish","hentry"],"_links":{"self":[{"href":"https:\/\/dumbriaaluminioepvc.com\/en\/wp-json\/wp\/v2\/pages\/19","targetHints":{"allow":["GET"]}}],"collection":[{"href":"https:\/\/dumbriaaluminioepvc.com\/en\/wp-json\/wp\/v2\/pages"}],"about":[{"href":"https:\/\/dumbriaaluminioepvc.com\/en\/wp-json\/wp\/v2\/types\/page"}],"author":[{"embeddable":true,"href":"https:\/\/dumbriaaluminioepvc.com\/en\/wp-json\/wp\/v2\/users\/1"}],"replies":[{"embeddable":true,"href":"https:\/\/dumbriaaluminioepvc.com\/en\/wp-json\/wp\/v2\/comments?post=19"}],"version-history":[{"count":4,"href":"https:\/\/dumbriaaluminioepvc.com\/en\/wp-json\/wp\/v2\/pages\/19\/revisions"}],"predecessor-version":[{"id":1131,"href":"https:\/\/dumbriaaluminioepvc.com\/en\/wp-json\/wp\/v2\/pages\/19\/revisions\/1131"}],"wp:attachment":[{"href":"https:\/\/dumbriaaluminioepvc.com\/en\/wp-json\/wp\/v2\/media?parent=19"}],"curies":[{"name":"wp","href":"https:\/\/api.w.org\/{rel}","templated":true}]}}